{"id":78,"date":"2024-05-28T10:26:02","date_gmt":"2024-05-28T08:26:02","guid":{"rendered":"https:\/\/wordpress.integriert-studieren.jku.at\/?page_id=78"},"modified":"2024-06-27T07:42:31","modified_gmt":"2024-06-27T05:42:31","slug":"tabelle","status":"publish","type":"page","link":"https:\/\/wordpress.integriert-studieren.jku.at\/index.php\/tabelle\/","title":{"rendered":"Tabelle"},"content":{"rendered":"\n<p>Tabellenzellen enthalten semantische Information, die sich aus der Zugeh\u00f6rigkeit zu einer Spalte und\/oder Zeile erschlie\u00dfen. Diese Zugeh\u00f6rigkeit ist uns visuell undmittelbar &#8220;ersichtlich&#8221; und nutzbar. Oft werden Zeilen und Spaltenkopf zus\u00e4tzlich hervorgehoben (z.B. Fett, anderer Hintergrund)<\/p>\n\n\n\n<p>Um AT Usern (z.B. Screen Reader, Tabbing\/Schalter Interface) diese semantische Information zug\u00e4nglich und f\u00fcr sie nutzbar zu machen, muss der Zusammenhang zwischen Spalten\/Zeilen \u00dcberschrift und dem Zelleninhalt jederzeit \u00fcber Programmfunktionen abrufbar sein. Daher m\u00fcssen Zeilen\/Spalten \u00dcberschriften als solche ausgezeichnet werden:<\/p>\n\n\n\n<figure class=\"wp-block-table\"><table><thead><tr><th><strong>Name<\/strong><\/th><th><strong>Raum<\/strong><\/th><\/tr><\/thead><tbody><tr><td>Huber<\/td><td>A2<\/td><\/tr><tr><td>Mayr<\/td><td>A1<\/td><\/tr><\/tbody><\/table><figcaption class=\"wp-element-caption\">Testtabelle<\/figcaption><\/figure>\n\n\n\n<figure class=\"wp-block-table\"><table><thead><tr><th><\/th><th><\/th><\/tr><\/thead><tbody><tr><td>test<\/td><td>test<\/td><\/tr><tr><td>test<\/td><td>test<\/td><\/tr><\/tbody><\/table><figcaption class=\"wp-element-caption\">test<\/figcaption><\/figure>\n","protected":false},"excerpt":{"rendered":"<p>Tabellenzellen enthalten semantische Information, die sich aus der Zugeh\u00f6rigkeit zu einer Spalte und\/oder Zeile erschlie\u00dfen. Diese Zugeh\u00f6rigkeit ist uns visuell undmittelbar &#8220;ersichtlich&#8221; und nutzbar. Oft werden Zeilen und Spaltenkopf zus\u00e4tzlich hervorgehoben (z.B. Fett, anderer Hintergrund) Um AT Usern (z.B. Screen Reader, Tabbing\/Schalter Interface) diese semantische Information zug\u00e4nglich und f\u00fcr sie nutzbar zu machen, muss der &hellip; <a href=\"https:\/\/wordpress.integriert-studieren.jku.at\/index.php\/tabelle\/\" class=\"more-link\"><span class=\"screen-reader-text\">\u201eTabelle\u201c<\/span> weiterlesen<\/a><\/p>\n","protected":false},"author":1,"featured_media":0,"parent":0,"menu_order":0,"comment_status":"closed","ping_status":"closed","template":"","meta":{"footnotes":""},"class_list":["post-78","page","type-page","status-publish","hentry"],"_links":{"self":[{"href":"https:\/\/wordpress.integriert-studieren.jku.at\/index.php\/wp-json\/wp\/v2\/pages\/78","targetHints":{"allow":["GET"]}}],"collection":[{"href":"https:\/\/wordpress.integriert-studieren.jku.at\/index.php\/wp-json\/wp\/v2\/pages"}],"about":[{"href":"https:\/\/wordpress.integriert-studieren.jku.at\/index.php\/wp-json\/wp\/v2\/types\/page"}],"author":[{"embeddable":true,"href":"https:\/\/wordpress.integriert-studieren.jku.at\/index.php\/wp-json\/wp\/v2\/users\/1"}],"replies":[{"embeddable":true,"href":"https:\/\/wordpress.integriert-studieren.jku.at\/index.php\/wp-json\/wp\/v2\/comments?post=78"}],"version-history":[{"count":24,"href":"https:\/\/wordpress.integriert-studieren.jku.at\/index.php\/wp-json\/wp\/v2\/pages\/78\/revisions"}],"predecessor-version":[{"id":196,"href":"https:\/\/wordpress.integriert-studieren.jku.at\/index.php\/wp-json\/wp\/v2\/pages\/78\/revisions\/196"}],"wp:attachment":[{"href":"https:\/\/wordpress.integriert-studieren.jku.at\/index.php\/wp-json\/wp\/v2\/media?parent=78"}],"curies":[{"name":"wp","href":"https:\/\/api.w.org\/{rel}","templated":true}]}}